{"id":4320,"date":"2019-09-26T16:41:32","date_gmt":"2019-09-26T14:41:32","guid":{"rendered":"https:\/\/www.ackerman.fr\/vineyards-and-the-region\/grape-varieties\/"},"modified":"2024-04-17T12:44:20","modified_gmt":"2024-04-17T10:44:20","slug":"grape-varieties","status":"publish","type":"page","link":"https:\/\/www.ackerman.fr\/en\/vineyards-and-the-region\/grape-varieties\/","title":{"rendered":"Grape Varieties From the Loire"},"content":{"rendered":"<h1>Grape Varieties From the Loire<\/h1>\n<p>Vineyard and Region<\/p>\n<p>\t\t\t\t\t\t\t\t\t\t\t\t\t<img decoding=\"async\" width=\"150\" height=\"150\" src=\"https:\/\/www.ackerman.fr\/wp-content\/uploads\/2024\/03\/ACK_COURONNE_SEULE_LOW-150x150.png\" alt=\"Couronne Ackerman\" srcset=\"https:\/\/www.ackerman.fr\/wp-content\/uploads\/2024\/03\/ACK_COURONNE_SEULE_LOW-150x150.png 150w, https:\/\/www.ackerman.fr\/wp-content\/uploads\/2024\/03\/elementor\/thumbs\/ACK_COURONNE_SEULE_LOW-ql71um5vygo45g6cdhlekuzpvv9voluq1nh98fna7o.png 50w\" sizes=\"(max-width: 150px) 100vw, 150px\" \/><br \/>\n\t\t\t\t\t\t\t\t\t\t\t\t\t<img fetchpriority=\"high\" decoding=\"async\" width=\"768\" height=\"512\" src=\"https:\/\/www.ackerman.fr\/wp-content\/uploads\/2019\/10\/cepages1-768x512.jpg\" alt=\"C\u00e9pages de Loire\" srcset=\"https:\/\/www.ackerman.fr\/wp-content\/uploads\/2019\/10\/cepages1-768x512.jpg 768w, https:\/\/www.ackerman.fr\/wp-content\/uploads\/2019\/10\/cepages1-300x200.jpg 300w, https:\/\/www.ackerman.fr\/wp-content\/uploads\/2019\/10\/cepages1.jpg 1000w\" sizes=\"(max-width: 768px) 100vw, 768px\" \/>\t\t\t\t\t\t\t\t\t\t\t\t\t<\/p>\n<h2>A bit about ampelography\u2026<\/h2>\n<p>Ce nom un peu \u00e9trange d\u00e9signe tout simplement la discipline qui \u00e9tudie la vigne et plus particuli\u00e8rement les c\u00e9pages. Le c\u00e9page est la vari\u00e9t\u00e9 du raisin.<\/p>\n<p>Chaque c\u00e9page se diff\u00e9rencie par des caract\u00e8res morphologiques (couleur, forme et volume des grappes et des baies, d\u00e9coupure des feuilles) et physiologiques (floraison, maturit\u00e9, teneur en sucres, tanins, substances aromatiques, etc.). Une partie du travail du vigneron et de l\u2019\u0153nologue consiste donc \u00e0 choisir les c\u00e9pages en harmonie avec un sol et un climat particulier afin d\u2019en exprimer le meilleur.<\/p>\n<h2>The Loire Valley \u2013 The widest variety of wines worldwide<\/h2>\n<p>\t\tThe Loire\u2019s 12 grape varieties include Cabernet Franc, Chenin, Melon de Bourgogne or Sauvignon. This unique array of varieties offers a very diverse range of highly expressive wines.<br \/>\n<strong>Chenin:<\/strong><br \/>\nThe Loire\u2019s cool climate and soil types enhance this variety, the products of which range from very dry to very sweet, and from still to super premium sparkling wines. Chenin is strongly influenced by the profile of the soil: clay brings about rich and textured wines, whereas chalk and limestone provide vibrant and fresh wines with good tension. Radiant, nervous and fruity, Chenin associates green apple and greengage plum aromas with floral notes. Mineral and cut grass notes also come to the fore.<br \/>\n<strong>Cabernet Franc:<\/strong><br \/>\nThe vineyard of the Saint Nicolas de Bourgueil Abbey was the first to use this Loire Valley variety during the 17<sup>th<\/sup>\u00a0century. Generally single varietals, these wines are fruity and slightly full-bodied, with exceptional charm, evoking violet and raspberry aromas. Cabernet Franc is also used to elaborate a vast array of delicate and crisp ros\u00e9s, ranging from semi-dry to dry. The specificity of Maison Ackerman is that of adding it to most of its M\u00e9thode traditionnelle sparkling wines in view of obtaining structure and a distinct aromatic style.<br \/>\n<strong>Sauvignon:<\/strong><br \/>\nThis traditional grape boasts good vivacity with distinct aromas of cranberry, citrus fruit, herbs and boxwood, underscored by a zest of spicy acidity. This is a fragile variety that is very sensitive to the soil and the climate. Sauvignon is one of the most aromatic varieties, with plenty of nuances, which are highly influenced by the terroirs. Originating from the Loire Valley, the region\u2019s Sauvignon is world renowned, thanks to the notoriety of its appellations (Touraine, Sancerre\u2026).<br \/>\n<strong>Melon de Bourgogne (Muscadet):<\/strong><br \/>\nThis variety is precocious and resists well to the cold and frost. The wines made from this variety display good vivacity and heaps of freshness in their youth. However, when they are planted in infertile terroirs, they can still age well and rival the greatest white wines in terms of complexity and length on the palate.<br \/>\n<em>\u201cThe matter and the richness of the wines of the Loire Valley, whatever their color and style, do not mask tasty fruitiness, maturity and freshness, harmony and accessibility.\u201d Olivier Poussier, World\u2019s Best Sommelier 2000<\/em><br \/>\n\t\t\t\t\t\t\t\t\t\t\t\t\t<img decoding=\"async\" width=\"768\" height=\"1950\" src=\"https:\/\/www.ackerman.fr\/wp-content\/uploads\/2019\/10\/cepages5-768x1950.jpg\" alt=\"Cepages\" srcset=\"https:\/\/www.ackerman.fr\/wp-content\/uploads\/2019\/10\/cepages5-768x1950.jpg 768w, https:\/\/www.ackerman.fr\/wp-content\/uploads\/2019\/10\/cepages5-118x300.jpg 118w, https:\/\/www.ackerman.fr\/wp-content\/uploads\/2019\/10\/cepages5-403x1024.jpg 403w, https:\/\/www.ackerman.fr\/wp-content\/uploads\/2019\/10\/cepages5-605x1536.jpg 605w, https:\/\/www.ackerman.fr\/wp-content\/uploads\/2019\/10\/cepages5-806x2048.jpg 806w, https:\/\/www.ackerman.fr\/wp-content\/uploads\/2019\/10\/cepages5.jpg 960w\" sizes=\"(max-width: 768px) 100vw, 768px\" \/>\t\t\t\t\t\t\t\t\t\t\t\t\t<\/p>\n<h2>Maison Ackerman\u2019s winemakers<\/h2>\n<p>Knowledge about grape varieties is without a doubt one of the great qualities of Maison Ackerman. Indeed, our winemakers intervene from the vine through to the wine glass. As a result, they oversee vine-growing, harvesting, winemaking, blending, and maturing, in view of providing the very best expression of our grape varieties.<\/p>\n<p>Our winemakers guarantee the quality of our products. Their profession calls upon all of their senses and expertise, as if a perfume maker constantly trying to create subtle fragrances. In the world of wine, it is the winemaking expert who sublimates the perfume initially generated by Nature.<\/p>\n","protected":false},"excerpt":{"rendered":"<p>Grape Varieties From the Loire Vineyard and Region A bit about ampelography\u2026 Ce nom un peu \u00e9trange d\u00e9signe tout simplement la discipline qui \u00e9tudie la vigne et plus particuli\u00e8rement les c\u00e9pages. Le c\u00e9page est la vari\u00e9t\u00e9 du raisin. Chaque c\u00e9page se diff\u00e9rencie par des caract\u00e8res morphologiques (couleur, forme et volume des grappes et des baies, [&hellip;]<\/p>\n","protected":false},"author":1,"featured_media":0,"parent":4316,"menu_order":0,"comment_status":"closed","ping_status":"closed","template":"","meta":{"footnotes":""},"class_list":["post-4320","page","type-page","status-publish","hentry"],"yoast_head":"<!-- This site is optimized with the Yoast SEO plugin v26.8 - https:\/\/yoast.com\/product\/yoast-seo-wordpress\/ -->\n<title>Grape Varieties From the Loire Vineyards and the Region - Ackerman<\/title>\n<meta name=\"description\" content=\"The Loire\u2019s 12 grape varieties include Cabernet Franc, Chenin, Melon de Bourgogne or Sauvignon. This unique array of varieties offers a very diverse range of highly expressive wines.\" \/>\n<meta name=\"robots\" content=\"index, follow, max-snippet:-1, max-image-preview:large, max-video-preview:-1\" \/>\n<link rel=\"canonical\" href=\"https:\/\/www.ackerman.fr\/en\/vineyards-and-the-region\/grape-varieties\/\" \/>\n<meta property=\"og:locale\" content=\"en_US\" \/>\n<meta property=\"og:type\" content=\"article\" \/>\n<meta property=\"og:title\" content=\"Grape Varieties From the Loire Vineyards and the Region - Ackerman\" \/>\n<meta property=\"og:description\" content=\"The Loire\u2019s 12 grape varieties include Cabernet Franc, Chenin, Melon de Bourgogne or Sauvignon. This unique array of varieties offers a very diverse range of highly expressive wines.\" \/>\n<meta property=\"og:url\" content=\"https:\/\/www.ackerman.fr\/en\/vineyards-and-the-region\/grape-varieties\/\" \/>\n<meta property=\"og:site_name\" content=\"Ackerman\" \/>\n<meta property=\"article:modified_time\" content=\"2024-04-17T10:44:20+00:00\" \/>\n<meta property=\"og:image\" content=\"https:\/\/www.ackerman.fr\/wp-content\/uploads\/2024\/03\/ACK_COURONNE_SEULE_LOW-150x150.png\" \/>\n<meta name=\"twitter:card\" content=\"summary_large_image\" \/>\n<meta name=\"twitter:label1\" content=\"Est. reading time\" \/>\n\t<meta name=\"twitter:data1\" content=\"3 minutes\" \/>\n<script type=\"application\/ld+json\" class=\"yoast-schema-graph\">{\"@context\":\"https:\/\/schema.org\",\"@graph\":[{\"@type\":\"WebPage\",\"@id\":\"https:\/\/www.ackerman.fr\/en\/vineyards-and-the-region\/grape-varieties\/\",\"url\":\"https:\/\/www.ackerman.fr\/en\/vineyards-and-the-region\/grape-varieties\/\",\"name\":\"Grape Varieties From the Loire Vineyards and the Region - Ackerman\",\"isPartOf\":{\"@id\":\"https:\/\/www.ackerman.fr\/en\/#website\"},\"primaryImageOfPage\":{\"@id\":\"https:\/\/www.ackerman.fr\/en\/vineyards-and-the-region\/grape-varieties\/#primaryimage\"},\"image\":{\"@id\":\"https:\/\/www.ackerman.fr\/en\/vineyards-and-the-region\/grape-varieties\/#primaryimage\"},\"thumbnailUrl\":\"https:\/\/www.ackerman.fr\/wp-content\/uploads\/2024\/03\/ACK_COURONNE_SEULE_LOW-150x150.png\",\"datePublished\":\"2019-09-26T14:41:32+00:00\",\"dateModified\":\"2024-04-17T10:44:20+00:00\",\"description\":\"The Loire\u2019s 12 grape varieties include Cabernet Franc, Chenin, Melon de Bourgogne or Sauvignon. This unique array of varieties offers a very diverse range of highly expressive wines.\",\"breadcrumb\":{\"@id\":\"https:\/\/www.ackerman.fr\/en\/vineyards-and-the-region\/grape-varieties\/#breadcrumb\"},\"inLanguage\":\"en-US\",\"potentialAction\":[{\"@type\":\"ReadAction\",\"target\":[\"https:\/\/www.ackerman.fr\/en\/vineyards-and-the-region\/grape-varieties\/\"]}]},{\"@type\":\"ImageObject\",\"inLanguage\":\"en-US\",\"@id\":\"https:\/\/www.ackerman.fr\/en\/vineyards-and-the-region\/grape-varieties\/#primaryimage\",\"url\":\"https:\/\/www.ackerman.fr\/wp-content\/uploads\/2024\/03\/ACK_COURONNE_SEULE_LOW-150x150.png\",\"contentUrl\":\"https:\/\/www.ackerman.fr\/wp-content\/uploads\/2024\/03\/ACK_COURONNE_SEULE_LOW-150x150.png\"},{\"@type\":\"BreadcrumbList\",\"@id\":\"https:\/\/www.ackerman.fr\/en\/vineyards-and-the-region\/grape-varieties\/#breadcrumb\",\"itemListElement\":[{\"@type\":\"ListItem\",\"position\":1,\"name\":\"Accueil\",\"item\":\"https:\/\/www.ackerman.fr\/en\/\"},{\"@type\":\"ListItem\",\"position\":2,\"name\":\"Vineyards and the Loire\",\"item\":\"https:\/\/www.ackerman.fr\/en\/vignoble-et-loire\/\"},{\"@type\":\"ListItem\",\"position\":3,\"name\":\"Grape Varieties From the Loire\"}]},{\"@type\":\"WebSite\",\"@id\":\"https:\/\/www.ackerman.fr\/en\/#website\",\"url\":\"https:\/\/www.ackerman.fr\/en\/\",\"name\":\"Ackerman\",\"description\":\"Maison fond\u00e9e en 1811\",\"publisher\":{\"@id\":\"https:\/\/www.ackerman.fr\/en\/#organization\"},\"potentialAction\":[{\"@type\":\"SearchAction\",\"target\":{\"@type\":\"EntryPoint\",\"urlTemplate\":\"https:\/\/www.ackerman.fr\/en\/?s={search_term_string}\"},\"query-input\":{\"@type\":\"PropertyValueSpecification\",\"valueRequired\":true,\"valueName\":\"search_term_string\"}}],\"inLanguage\":\"en-US\"},{\"@type\":\"Organization\",\"@id\":\"https:\/\/www.ackerman.fr\/en\/#organization\",\"name\":\"Ackerman\",\"url\":\"https:\/\/www.ackerman.fr\/en\/\",\"logo\":{\"@type\":\"ImageObject\",\"inLanguage\":\"en-US\",\"@id\":\"https:\/\/www.ackerman.fr\/en\/#\/schema\/logo\/image\/\",\"url\":\"https:\/\/www.ackerman.fr\/wp-content\/uploads\/2019\/10\/Royal4.png\",\"contentUrl\":\"https:\/\/www.ackerman.fr\/wp-content\/uploads\/2019\/10\/Royal4.png\",\"width\":1078,\"height\":1078,\"caption\":\"Ackerman\"},\"image\":{\"@id\":\"https:\/\/www.ackerman.fr\/en\/#\/schema\/logo\/image\/\"}}]}<\/script>\n<!-- \/ Yoast SEO plugin. -->","yoast_head_json":{"title":"Grape Varieties From the Loire Vineyards and the Region - Ackerman","description":"The Loire\u2019s 12 grape varieties include Cabernet Franc, Chenin, Melon de Bourgogne or Sauvignon. This unique array of varieties offers a very diverse range of highly expressive wines.","robots":{"index":"index","follow":"follow","max-snippet":"max-snippet:-1","max-image-preview":"max-image-preview:large","max-video-preview":"max-video-preview:-1"},"canonical":"https:\/\/www.ackerman.fr\/en\/vineyards-and-the-region\/grape-varieties\/","og_locale":"en_US","og_type":"article","og_title":"Grape Varieties From the Loire Vineyards and the Region - Ackerman","og_description":"The Loire\u2019s 12 grape varieties include Cabernet Franc, Chenin, Melon de Bourgogne or Sauvignon. This unique array of varieties offers a very diverse range of highly expressive wines.","og_url":"https:\/\/www.ackerman.fr\/en\/vineyards-and-the-region\/grape-varieties\/","og_site_name":"Ackerman","article_modified_time":"2024-04-17T10:44:20+00:00","og_image":[{"url":"https:\/\/www.ackerman.fr\/wp-content\/uploads\/2024\/03\/ACK_COURONNE_SEULE_LOW-150x150.png","type":"","width":"","height":""}],"twitter_card":"summary_large_image","twitter_misc":{"Est. reading time":"3 minutes"},"schema":{"@context":"https:\/\/schema.org","@graph":[{"@type":"WebPage","@id":"https:\/\/www.ackerman.fr\/en\/vineyards-and-the-region\/grape-varieties\/","url":"https:\/\/www.ackerman.fr\/en\/vineyards-and-the-region\/grape-varieties\/","name":"Grape Varieties From the Loire Vineyards and the Region - Ackerman","isPartOf":{"@id":"https:\/\/www.ackerman.fr\/en\/#website"},"primaryImageOfPage":{"@id":"https:\/\/www.ackerman.fr\/en\/vineyards-and-the-region\/grape-varieties\/#primaryimage"},"image":{"@id":"https:\/\/www.ackerman.fr\/en\/vineyards-and-the-region\/grape-varieties\/#primaryimage"},"thumbnailUrl":"https:\/\/www.ackerman.fr\/wp-content\/uploads\/2024\/03\/ACK_COURONNE_SEULE_LOW-150x150.png","datePublished":"2019-09-26T14:41:32+00:00","dateModified":"2024-04-17T10:44:20+00:00","description":"The Loire\u2019s 12 grape varieties include Cabernet Franc, Chenin, Melon de Bourgogne or Sauvignon. This unique array of varieties offers a very diverse range of highly expressive wines.","breadcrumb":{"@id":"https:\/\/www.ackerman.fr\/en\/vineyards-and-the-region\/grape-varieties\/#breadcrumb"},"inLanguage":"en-US","potentialAction":[{"@type":"ReadAction","target":["https:\/\/www.ackerman.fr\/en\/vineyards-and-the-region\/grape-varieties\/"]}]},{"@type":"ImageObject","inLanguage":"en-US","@id":"https:\/\/www.ackerman.fr\/en\/vineyards-and-the-region\/grape-varieties\/#primaryimage","url":"https:\/\/www.ackerman.fr\/wp-content\/uploads\/2024\/03\/ACK_COURONNE_SEULE_LOW-150x150.png","contentUrl":"https:\/\/www.ackerman.fr\/wp-content\/uploads\/2024\/03\/ACK_COURONNE_SEULE_LOW-150x150.png"},{"@type":"BreadcrumbList","@id":"https:\/\/www.ackerman.fr\/en\/vineyards-and-the-region\/grape-varieties\/#breadcrumb","itemListElement":[{"@type":"ListItem","position":1,"name":"Accueil","item":"https:\/\/www.ackerman.fr\/en\/"},{"@type":"ListItem","position":2,"name":"Vineyards and the Loire","item":"https:\/\/www.ackerman.fr\/en\/vignoble-et-loire\/"},{"@type":"ListItem","position":3,"name":"Grape Varieties From the Loire"}]},{"@type":"WebSite","@id":"https:\/\/www.ackerman.fr\/en\/#website","url":"https:\/\/www.ackerman.fr\/en\/","name":"Ackerman","description":"Maison fond\u00e9e en 1811","publisher":{"@id":"https:\/\/www.ackerman.fr\/en\/#organization"},"potentialAction":[{"@type":"SearchAction","target":{"@type":"EntryPoint","urlTemplate":"https:\/\/www.ackerman.fr\/en\/?s={search_term_string}"},"query-input":{"@type":"PropertyValueSpecification","valueRequired":true,"valueName":"search_term_string"}}],"inLanguage":"en-US"},{"@type":"Organization","@id":"https:\/\/www.ackerman.fr\/en\/#organization","name":"Ackerman","url":"https:\/\/www.ackerman.fr\/en\/","logo":{"@type":"ImageObject","inLanguage":"en-US","@id":"https:\/\/www.ackerman.fr\/en\/#\/schema\/logo\/image\/","url":"https:\/\/www.ackerman.fr\/wp-content\/uploads\/2019\/10\/Royal4.png","contentUrl":"https:\/\/www.ackerman.fr\/wp-content\/uploads\/2019\/10\/Royal4.png","width":1078,"height":1078,"caption":"Ackerman"},"image":{"@id":"https:\/\/www.ackerman.fr\/en\/#\/schema\/logo\/image\/"}}]}},"_links":{"self":[{"href":"https:\/\/www.ackerman.fr\/en\/wp-json\/wp\/v2\/pages\/4320","targetHints":{"allow":["GET"]}}],"collection":[{"href":"https:\/\/www.ackerman.fr\/en\/wp-json\/wp\/v2\/pages"}],"about":[{"href":"https:\/\/www.ackerman.fr\/en\/wp-json\/wp\/v2\/types\/page"}],"author":[{"embeddable":true,"href":"https:\/\/www.ackerman.fr\/en\/wp-json\/wp\/v2\/users\/1"}],"replies":[{"embeddable":true,"href":"https:\/\/www.ackerman.fr\/en\/wp-json\/wp\/v2\/comments?post=4320"}],"version-history":[{"count":11,"href":"https:\/\/www.ackerman.fr\/en\/wp-json\/wp\/v2\/pages\/4320\/revisions"}],"predecessor-version":[{"id":8355,"href":"https:\/\/www.ackerman.fr\/en\/wp-json\/wp\/v2\/pages\/4320\/revisions\/8355"}],"up":[{"embeddable":true,"href":"https:\/\/www.ackerman.fr\/en\/wp-json\/wp\/v2\/pages\/4316"}],"wp:attachment":[{"href":"https:\/\/www.ackerman.fr\/en\/wp-json\/wp\/v2\/media?parent=4320"}],"curies":[{"name":"wp","href":"https:\/\/api.w.org\/{rel}","templated":true}]}}