{"id":5364,"date":"2019-12-03T10:55:40","date_gmt":"2019-12-03T09:55:40","guid":{"rendered":"https:\/\/www.ackerman.fr\/legal-information\/"},"modified":"2024-04-16T11:01:22","modified_gmt":"2024-04-16T09:01:22","slug":"legal-information","status":"publish","type":"page","link":"https:\/\/www.ackerman.fr\/en\/legal-information\/","title":{"rendered":"Legal information"},"content":{"rendered":"<h1>Legal information<\/h1>\n<h2>Avis de Confidentialit\u00e9<\/h2>\n<p>\t\t\t\t\t<a target=\"_blank\" rel=\"noopener\"><br \/>\n\t\t\t\t\t\tTwitter<br \/>\n\t\t\t\t\t\t\t\t\t\t\t<\/a><br \/>\n\t\t\t\t\t<a target=\"_blank\" rel=\"noopener\"><br \/>\n\t\t\t\t\t\tFacebook<br \/>\n\t\t\t\t\t\t\t\t\t\t\t<\/a><br \/>\n\t\t\t\t\t<a target=\"_blank\" rel=\"noopener\"><br \/>\n\t\t\t\t\t\tEnvelope<br \/>\n\t\t\t\t\t\t\t\t\t\t\t<\/a><\/p>\n<p><strong>SA Orchid\u00e9es, Maisons de Vin<\/strong><\/p>\n<p>19, rue L\u00e9opold Palustre Saint-Hilaire<br \/>\nCS84002<br \/>\nSaint Hilaire Saint-Florent 49400 Saumur<br \/>\nMail :\u00a0<a href=\"mailto:contact@orchidees-maisonsdevin.fr\">contact@orchidees-maisonsdevin.fr<\/a><br \/>\nT\u00e9l. : 02 41 53 03 10<br \/>\nFax. : 02 41 53 03 18<br \/>\nCapital Social 3 100 000 euros \u2013 RCS Angers 665 480 133<br \/>\nSIRET 66548013300115 \u2013 TVA intra. FR88665480133<\/p>\n<p><strong>Directeur de Publication<\/strong><\/p>\n<p>Estelle Guerin \u2013 Directeur Marketing Strat\u00e9gie<\/p>\n<p><strong>H\u00e9bergeur<\/strong><\/p>\n<p>OCEANET NANTES<br \/>\nSoci\u00e9t\u00e9 par actions simplifi\u00e9e<br \/>\n2 impasse Jos\u00e9phine Baker<br \/>\n44800 Saint Herblain<br \/>\nT\u00e9l. 02 28 03 78 78<br \/>\n<a href=\"mailto:contact@oceanet-technology.com\">contact@oceanet-technology.com<\/a><\/p>\n<p><strong>Solution internet<\/strong><\/p>\n<p>DIGILIUM<br \/>\n10 RUE DE PENTHIEVRE<br \/>\n75008 PARIS<br \/>\n<a href=\"mailto:contact@digilium.com\">contact@digilium.com<\/a><\/p>\n<p><strong>Cr\u00e9dit Photographique<\/strong><\/p>\n<p>Fotolia<br \/>\nJupiter Images<br \/>\nExpo photo Loire (janvier 2010) Julien Pinot<br \/>\nChristophe Petiteau (Photographe)<br \/>\nRomain Durfort (Vid\u00e9os)<\/p>\n<p><strong>DROITS DE REPRODUCTION ET DROITS D&#8217;AUTEUR<\/strong><\/p>\n<p>Qu\u2019il soit le fruit d\u2019un partenariat ou d\u2019une production interne, nous rappelons aux visiteurs du site www.ackerman.fr que toute reproduction m\u00eame partielle d\u2019\u00e9l\u00e9ments graphiques et\/ou de contenu est strictement interdite sans autorisation pr\u00e9alable de l\u2019\u00e9diteur, selon les lois du 11 mars 1957 et du 3 juillet 1995 sur la protection des droits d\u2019auteur. \u00bb<\/p>\n","protected":false},"excerpt":{"rendered":"<p>Legal information Avis de Confidentialit\u00e9 Twitter Facebook Envelope SA Orchid\u00e9es, Maisons de Vin 19, rue L\u00e9opold Palustre Saint-Hilaire CS84002 Saint Hilaire Saint-Florent 49400 Saumur Mail :\u00a0contact@orchidees-maisonsdevin.fr T\u00e9l. : 02 41 53 03 10 Fax. : 02 41 53 03 18 Capital Social 3 100 000 euros \u2013 RCS Angers 665 480 133 SIRET 66548013300115 \u2013 [&hellip;]<\/p>\n","protected":false},"author":1,"featured_media":0,"parent":0,"menu_order":0,"comment_status":"closed","ping_status":"closed","template":"","meta":{"footnotes":""},"class_list":["post-5364","page","type-page","status-publish","hentry"],"yoast_head":"<!-- This site is optimized with the Yoast SEO plugin v26.8 - https:\/\/yoast.com\/product\/yoast-seo-wordpress\/ -->\n<title>Legal information - Ackerman<\/title>\n<meta name=\"robots\" content=\"noindex, nofollow\" \/>\n<meta property=\"og:locale\" content=\"en_US\" \/>\n<meta property=\"og:type\" content=\"article\" \/>\n<meta property=\"og:title\" content=\"Legal information - Ackerman\" \/>\n<meta property=\"og:description\" content=\"Legal information Avis de Confidentialit\u00e9 Twitter Facebook Envelope SA Orchid\u00e9es, Maisons de Vin 19, rue L\u00e9opold Palustre Saint-Hilaire CS84002 Saint Hilaire Saint-Florent 49400 Saumur Mail :\u00a0contact@orchidees-maisonsdevin.fr T\u00e9l. : 02 41 53 03 10 Fax. : 02 41 53 03 18 Capital Social 3 100 000 euros \u2013 RCS Angers 665 480 133 SIRET 66548013300115 \u2013 [&hellip;]\" \/>\n<meta property=\"og:url\" content=\"https:\/\/www.ackerman.fr\/en\/legal-information\/\" \/>\n<meta property=\"og:site_name\" content=\"Ackerman\" \/>\n<meta property=\"article:modified_time\" content=\"2024-04-16T09:01:22+00:00\" \/>\n<meta property=\"og:image\" content=\"https:\/\/www.ackerman.fr\/wp-content\/uploads\/2020\/04\/couverture-ack-oeno.jpg\" \/>\n\t<meta property=\"og:image:width\" content=\"506\" \/>\n\t<meta property=\"og:image:height\" content=\"319\" \/>\n\t<meta property=\"og:image:type\" content=\"image\/jpeg\" \/>\n<meta name=\"twitter:card\" content=\"summary_large_image\" \/>\n<meta name=\"twitter:label1\" content=\"Est. reading time\" \/>\n\t<meta name=\"twitter:data1\" content=\"1 minute\" \/>\n<script type=\"application\/ld+json\" class=\"yoast-schema-graph\">{\"@context\":\"https:\/\/schema.org\",\"@graph\":[{\"@type\":\"WebPage\",\"@id\":\"https:\/\/www.ackerman.fr\/en\/legal-information\/\",\"url\":\"https:\/\/www.ackerman.fr\/en\/legal-information\/\",\"name\":\"Legal information - Ackerman\",\"isPartOf\":{\"@id\":\"https:\/\/www.ackerman.fr\/en\/#website\"},\"datePublished\":\"2019-12-03T09:55:40+00:00\",\"dateModified\":\"2024-04-16T09:01:22+00:00\",\"breadcrumb\":{\"@id\":\"https:\/\/www.ackerman.fr\/en\/legal-information\/#breadcrumb\"},\"inLanguage\":\"en-US\",\"potentialAction\":[{\"@type\":\"ReadAction\",\"target\":[\"https:\/\/www.ackerman.fr\/en\/legal-information\/\"]}]},{\"@type\":\"BreadcrumbList\",\"@id\":\"https:\/\/www.ackerman.fr\/en\/legal-information\/#breadcrumb\",\"itemListElement\":[{\"@type\":\"ListItem\",\"position\":1,\"name\":\"Accueil\",\"item\":\"https:\/\/www.ackerman.fr\/en\/\"},{\"@type\":\"ListItem\",\"position\":2,\"name\":\"Legal information\"}]},{\"@type\":\"WebSite\",\"@id\":\"https:\/\/www.ackerman.fr\/en\/#website\",\"url\":\"https:\/\/www.ackerman.fr\/en\/\",\"name\":\"Ackerman\",\"description\":\"Maison fond\u00e9e en 1811\",\"publisher\":{\"@id\":\"https:\/\/www.ackerman.fr\/en\/#organization\"},\"potentialAction\":[{\"@type\":\"SearchAction\",\"target\":{\"@type\":\"EntryPoint\",\"urlTemplate\":\"https:\/\/www.ackerman.fr\/en\/?s={search_term_string}\"},\"query-input\":{\"@type\":\"PropertyValueSpecification\",\"valueRequired\":true,\"valueName\":\"search_term_string\"}}],\"inLanguage\":\"en-US\"},{\"@type\":\"Organization\",\"@id\":\"https:\/\/www.ackerman.fr\/en\/#organization\",\"name\":\"Ackerman\",\"url\":\"https:\/\/www.ackerman.fr\/en\/\",\"logo\":{\"@type\":\"ImageObject\",\"inLanguage\":\"en-US\",\"@id\":\"https:\/\/www.ackerman.fr\/en\/#\/schema\/logo\/image\/\",\"url\":\"https:\/\/www.ackerman.fr\/wp-content\/uploads\/2019\/10\/Royal4.png\",\"contentUrl\":\"https:\/\/www.ackerman.fr\/wp-content\/uploads\/2019\/10\/Royal4.png\",\"width\":1078,\"height\":1078,\"caption\":\"Ackerman\"},\"image\":{\"@id\":\"https:\/\/www.ackerman.fr\/en\/#\/schema\/logo\/image\/\"}}]}<\/script>\n<!-- \/ Yoast SEO plugin. -->","yoast_head_json":{"title":"Legal information - Ackerman","robots":{"index":"noindex","follow":"nofollow"},"og_locale":"en_US","og_type":"article","og_title":"Legal information - Ackerman","og_description":"Legal information Avis de Confidentialit\u00e9 Twitter Facebook Envelope SA Orchid\u00e9es, Maisons de Vin 19, rue L\u00e9opold Palustre Saint-Hilaire CS84002 Saint Hilaire Saint-Florent 49400 Saumur Mail :\u00a0contact@orchidees-maisonsdevin.fr T\u00e9l. : 02 41 53 03 10 Fax. : 02 41 53 03 18 Capital Social 3 100 000 euros \u2013 RCS Angers 665 480 133 SIRET 66548013300115 \u2013 [&hellip;]","og_url":"https:\/\/www.ackerman.fr\/en\/legal-information\/","og_site_name":"Ackerman","article_modified_time":"2024-04-16T09:01:22+00:00","og_image":[{"width":506,"height":319,"url":"https:\/\/www.ackerman.fr\/wp-content\/uploads\/2020\/04\/couverture-ack-oeno.jpg","type":"image\/jpeg"}],"twitter_card":"summary_large_image","twitter_misc":{"Est. reading time":"1 minute"},"schema":{"@context":"https:\/\/schema.org","@graph":[{"@type":"WebPage","@id":"https:\/\/www.ackerman.fr\/en\/legal-information\/","url":"https:\/\/www.ackerman.fr\/en\/legal-information\/","name":"Legal information - Ackerman","isPartOf":{"@id":"https:\/\/www.ackerman.fr\/en\/#website"},"datePublished":"2019-12-03T09:55:40+00:00","dateModified":"2024-04-16T09:01:22+00:00","breadcrumb":{"@id":"https:\/\/www.ackerman.fr\/en\/legal-information\/#breadcrumb"},"inLanguage":"en-US","potentialAction":[{"@type":"ReadAction","target":["https:\/\/www.ackerman.fr\/en\/legal-information\/"]}]},{"@type":"BreadcrumbList","@id":"https:\/\/www.ackerman.fr\/en\/legal-information\/#breadcrumb","itemListElement":[{"@type":"ListItem","position":1,"name":"Accueil","item":"https:\/\/www.ackerman.fr\/en\/"},{"@type":"ListItem","position":2,"name":"Legal information"}]},{"@type":"WebSite","@id":"https:\/\/www.ackerman.fr\/en\/#website","url":"https:\/\/www.ackerman.fr\/en\/","name":"Ackerman","description":"Maison fond\u00e9e en 1811","publisher":{"@id":"https:\/\/www.ackerman.fr\/en\/#organization"},"potentialAction":[{"@type":"SearchAction","target":{"@type":"EntryPoint","urlTemplate":"https:\/\/www.ackerman.fr\/en\/?s={search_term_string}"},"query-input":{"@type":"PropertyValueSpecification","valueRequired":true,"valueName":"search_term_string"}}],"inLanguage":"en-US"},{"@type":"Organization","@id":"https:\/\/www.ackerman.fr\/en\/#organization","name":"Ackerman","url":"https:\/\/www.ackerman.fr\/en\/","logo":{"@type":"ImageObject","inLanguage":"en-US","@id":"https:\/\/www.ackerman.fr\/en\/#\/schema\/logo\/image\/","url":"https:\/\/www.ackerman.fr\/wp-content\/uploads\/2019\/10\/Royal4.png","contentUrl":"https:\/\/www.ackerman.fr\/wp-content\/uploads\/2019\/10\/Royal4.png","width":1078,"height":1078,"caption":"Ackerman"},"image":{"@id":"https:\/\/www.ackerman.fr\/en\/#\/schema\/logo\/image\/"}}]}},"_links":{"self":[{"href":"https:\/\/www.ackerman.fr\/en\/wp-json\/wp\/v2\/pages\/5364","targetHints":{"allow":["GET"]}}],"collection":[{"href":"https:\/\/www.ackerman.fr\/en\/wp-json\/wp\/v2\/pages"}],"about":[{"href":"https:\/\/www.ackerman.fr\/en\/wp-json\/wp\/v2\/types\/page"}],"author":[{"embeddable":true,"href":"https:\/\/www.ackerman.fr\/en\/wp-json\/wp\/v2\/users\/1"}],"replies":[{"embeddable":true,"href":"https:\/\/www.ackerman.fr\/en\/wp-json\/wp\/v2\/comments?post=5364"}],"version-history":[{"count":2,"href":"https:\/\/www.ackerman.fr\/en\/wp-json\/wp\/v2\/pages\/5364\/revisions"}],"predecessor-version":[{"id":8125,"href":"https:\/\/www.ackerman.fr\/en\/wp-json\/wp\/v2\/pages\/5364\/revisions\/8125"}],"wp:attachment":[{"href":"https:\/\/www.ackerman.fr\/en\/wp-json\/wp\/v2\/media?parent=5364"}],"curies":[{"name":"wp","href":"https:\/\/api.w.org\/{rel}","templated":true}]}}